{"id":261,"date":"2023-09-14T15:57:29","date_gmt":"2023-09-14T13:57:29","guid":{"rendered":"https:\/\/software-stage.com\/ihk\/?page_id=261"},"modified":"2024-03-11T13:32:41","modified_gmt":"2024-03-11T12:32:41","slug":"impressum","status":"publish","type":"page","link":"https:\/\/weltmarktfuehrer-sw.de\/en\/impressum\/","title":{"rendered":"Imprint"},"content":{"rendered":"<div data-elementor-type=\"wp-page\" data-elementor-id=\"261\" class=\"elementor elementor-261\" data-elementor-post-type=\"page\">\n\t\t\t\t<div class=\"elementor-element elementor-element-f8cfed7 abstand-oben abstand-unten-doppelpfeil e-flex e-con-boxed e-con e-parent\" data-id=\"f8cfed7\" data-element_type=\"container\" data-e-type=\"container\">\n\t\t\t\t\t<div class=\"e-con-inner\">\n\t\t<div class=\"elementor-element elementor-element-baca421 e-flex e-con-boxed e-con e-child\" data-id=\"baca421\" data-element_type=\"container\" data-e-type=\"container\">\n\t\t\t\t\t<div class=\"e-con-inner\">\n\t\t\t\t<div class=\"elementor-element elementor-element-a864abf elementor-widget elementor-widget-heading\" data-id=\"a864abf\" data-element_type=\"widget\" data-e-type=\"widget\" data-no-translation=\"\" data-widget_type=\"heading.default\">\n\t\t\t\t<div class=\"elementor-widget-container\">\n\t\t\t\t\t<style>.elementor-element-a864abf{display:none !important}<\/style>\t\t\t\t<\/div>\n\t\t\t\t<\/div>\n\t\t\t\t<div class=\"elementor-element elementor-element-a075191 elementor-widget elementor-widget-spacer\" data-id=\"a075191\" data-element_type=\"widget\" data-e-type=\"widget\" data-widget_type=\"spacer.default\">\n\t\t\t\t<div class=\"elementor-widget-container\">\n\t\t\t\t\t\t\t<div class=\"elementor-spacer\">\n\t\t\t<div class=\"elementor-spacer-inner\"><\/div>\n\t\t<\/div>\n\t\t\t\t\t\t<\/div>\n\t\t\t\t<\/div>\n\t\t\t\t<div class=\"elementor-element elementor-element-94f82ac elementor-widget elementor-widget-text-editor\" data-id=\"94f82ac\" data-element_type=\"widget\" data-e-type=\"widget\" data-no-translation=\"\" data-widget_type=\"text-editor.default\">\n\t\t\t\t<div class=\"elementor-widget-container\">\n\t\t\t\t\t<style>.elementor-element-94f82ac{display:none !important}<\/style>\t\t\t\t<\/div>\n\t\t\t\t<\/div>\n\t\t\t\t<div class=\"elementor-element elementor-element-4669b54 elementor-widget elementor-widget-heading\" data-id=\"4669b54\" data-element_type=\"widget\" data-e-type=\"widget\" data-no-translation=\"\" data-widget_type=\"heading.default\">\n\t\t\t\t<div class=\"elementor-widget-container\">\n\t\t\t\t\t<h1 class=\"elementor-heading-title elementor-size-default\">Imprint<\/h1>\t\t\t\t<\/div>\n\t\t\t\t<\/div>\n\t\t\t\t<div class=\"elementor-element elementor-element-c974ba1 elementor-widget elementor-widget-text-editor\" data-id=\"c974ba1\" data-element_type=\"widget\" data-e-type=\"widget\" data-no-translation=\"\" data-widget_type=\"text-editor.default\">\n\t\t\t\t<div class=\"elementor-widget-container\">\n\t\t\t\t\t\t\t\t\t<p><strong>Responsible for these pages<\/strong><br \/>South Westphalian Chamber of Industry and Commerce in Hagen<br \/>Corporation under public law<br \/>Bahnhofstra\u00dfe 18, 58095 Hagen<br \/>P.O. Box 4265 and 4267, 58085 Hagen<br \/>Telephone: 02331 390-0, Fax 02331 13586<br \/>E-mail: sihk@hagen.ihk.de<\/p><p><strong>Authorized representatives<\/strong><br \/>In accordance with \u00a7 7 Para. 2 IHKG in conjunction with \u00a7 12 Para. 1 of the SIHK Hagen statutes, the President and the General Manager represent the SIHK in legal transactions and in court.<br \/>The Chief Executive Officer alone is authorized to represent the company in day-to-day administrative matters (Section 12 (3) of the Articles of Association).<\/p><p>President: Ralf Stoffels<br \/>Chief Executive Officer: Dr. Ralf Geruschkat<br \/>South Westphalian Chamber of Industry and Commerce in Hagen<br \/>Bahnhofstra\u00dfe 18, 58095 Hagen<\/p><p><strong>Supervisory authority<\/strong><br \/>The competent supervisory authority is the Ministry of Economic Affairs, Industry, Climate Protection and Energy of the State of North Rhine-Westphalia in accordance with Section 11 (1) IHKG in conjunction with Section 2 (1) IHKG NW.<\/p><p><strong>Data Protection Officer:<\/strong><br \/>Jan Wildemann<br \/>IBP IHK-Beratungs- und Projektgesellschaft mbH<br \/>Berliner Allee 12<br \/>40212 D\u00fcsseldorf<br \/>Telephone: 0211 36702-51<br \/>E-mail: datenschutz@ibp-ihk.de<\/p><p><strong>Contents \/ Liability<\/strong><br \/>The content of the SIHK website is subject to change without prior notice.<br \/>No guarantee is given for the accuracy or completeness of the information contained on the website.<br \/>SIHK accepts no liability for any loss or damage arising directly or indirectly from the use of this website or the information contained therein.<\/p><p><strong>Photos<\/strong><br \/>The world market leaders grant the SIHK zu Hagen, the IHK Arnsberg, Hellweg-Sauerland and the IHK Siegen their rights of use to the photo of the world market leader product and the company logo. The rights of use to the photos and logos are transferred free of charge, simply, for an unlimited time and space. At the same time, the world market leaders ensure that copyrights are respected and that the photos are free of third-party rights. The IHKs have permission to edit the photo of the world market leader product (e.g. cropping, adjusting saturation).<\/p><p><strong>Dispute resolution for consumers<\/strong><br \/>The European Commission provides a platform for online dispute resolution (OS), which you can find at http:\/\/ec.europa.eu\/consumers\/odr\/. The SIHK does not participate in dispute resolution proceedings before a consumer arbitration board.<\/p>\t\t\t\t\t\t\t\t<\/div>\n\t\t\t\t<\/div>\n\t\t\t\t\t<\/div>\n\t\t\t\t<\/div>\n\t\t\t\t\t<\/div>\n\t\t\t\t<\/div>\n\t\t\t\t<\/div>","protected":false},"excerpt":{"rendered":"<p>Impressum Verantwortlich f\u00fcr diese SeitenS\u00fcdwestf\u00e4lische Industrie- und Handelskammer zu HagenK\u00f6rperschaft des \u00f6ffentlichen RechtsBahnhofstra\u00dfe 18, 58095 HagenPostfach 4265 und 4267, 58085 HagenTelefon: 02331 390-0, Fax 02331 13586E-Mail: sihk@hagen.ihk.de VertretungsberechtigteGem\u00e4\u00df \u00a7 7 Abs. 2 IHKG in Verbindung mit \u00a7 12 Abs. 1 der Satzung der SIHK Hagen vertreten der Pr\u00e4sident und der Hauptgesch\u00e4ftsf\u00fchrer die SIHK rechtsgesch\u00e4ftlich und [&hellip;]<\/p>\n","protected":false},"author":1,"featured_media":0,"parent":0,"menu_order":0,"comment_status":"closed","ping_status":"closed","template":"","meta":{"_acf_changed":false,"footnotes":""},"class_list":["post-261","page","type-page","status-publish","hentry"],"acf":[],"_links":{"self":[{"href":"https:\/\/weltmarktfuehrer-sw.de\/en\/wp-json\/wp\/v2\/pages\/261","targetHints":{"allow":["GET"]}}],"collection":[{"href":"https:\/\/weltmarktfuehrer-sw.de\/en\/wp-json\/wp\/v2\/pages"}],"about":[{"href":"https:\/\/weltmarktfuehrer-sw.de\/en\/wp-json\/wp\/v2\/types\/page"}],"author":[{"embeddable":true,"href":"https:\/\/weltmarktfuehrer-sw.de\/en\/wp-json\/wp\/v2\/users\/1"}],"replies":[{"embeddable":true,"href":"https:\/\/weltmarktfuehrer-sw.de\/en\/wp-json\/wp\/v2\/comments?post=261"}],"version-history":[{"count":59,"href":"https:\/\/weltmarktfuehrer-sw.de\/en\/wp-json\/wp\/v2\/pages\/261\/revisions"}],"predecessor-version":[{"id":2063,"href":"https:\/\/weltmarktfuehrer-sw.de\/en\/wp-json\/wp\/v2\/pages\/261\/revisions\/2063"}],"wp:attachment":[{"href":"https:\/\/weltmarktfuehrer-sw.de\/en\/wp-json\/wp\/v2\/media?parent=261"}],"curies":[{"name":"wp","href":"https:\/\/api.w.org\/{rel}","templated":true}]}}