{"id":219,"date":"2023-09-14T15:57:11","date_gmt":"2023-09-14T13:57:11","guid":{"rendered":"https:\/\/software-stage.com\/ihk\/?page_id=219"},"modified":"2024-03-21T13:56:19","modified_gmt":"2024-03-21T12:56:19","slug":"kontakt","status":"publish","type":"page","link":"https:\/\/weltmarktfuehrer-sw.de\/en\/kontakt\/","title":{"rendered":"Contact"},"content":{"rendered":"\t\t<div data-elementor-type=\"wp-post\" data-elementor-id=\"219\" class=\"elementor elementor-219\" data-elementor-post-type=\"page\">\n\t\t\t\t<div class=\"elementor-element elementor-element-e686942 abstand-oben e-flex e-con-boxed e-con e-parent\" data-id=\"e686942\" data-element_type=\"container\" data-e-type=\"container\">\n\t\t\t\t\t<div class=\"e-con-inner\">\n\t\t<div class=\"elementor-element elementor-element-70f7a80 e-con-full e-flex e-con e-child\" data-id=\"70f7a80\" data-element_type=\"container\" data-e-type=\"container\">\n\t\t\t\t<div class=\"elementor-element elementor-element-ea0453e elementor-widget elementor-widget-heading\" data-id=\"ea0453e\" data-element_type=\"widget\" data-e-type=\"widget\" data-widget_type=\"heading.default\">\n\t\t\t\t<div class=\"elementor-widget-container\">\n\t\t\t\t\t<h1 class=\"elementor-heading-title elementor-size-default\">Haben Sie Fragen?<\/h1>\t\t\t\t<\/div>\n\t\t\t\t<\/div>\n\t\t\t\t<div class=\"elementor-element elementor-element-f35487c elementor-widget-divider--view-line elementor-widget elementor-widget-divider\" data-id=\"f35487c\" data-element_type=\"widget\" data-e-type=\"widget\" data-widget_type=\"divider.default\">\n\t\t\t\t<div class=\"elementor-widget-container\">\n\t\t\t\t\t\t\t<div class=\"elementor-divider\">\n\t\t\t<span class=\"elementor-divider-separator\">\n\t\t\t\t\t\t<\/span>\n\t\t<\/div>\n\t\t\t\t\t\t<\/div>\n\t\t\t\t<\/div>\n\t\t\t\t<div class=\"elementor-element elementor-element-fffafce elementor-widget elementor-widget-text-editor\" data-id=\"fffafce\" data-element_type=\"widget\" data-e-type=\"widget\" data-widget_type=\"text-editor.default\">\n\t\t\t\t<div class=\"elementor-widget-container\">\n\t\t\t\t\t\t\t\t\t<p>Sie m\u00f6chten mehr \u00fcber die Weltmarktf\u00fchrer in S\u00fcdwestfalen? Sie denken, dass Ihr Unternehmen die Auszeichnung ebenfalls verdient hat? Unsere Mitarbeiter beraten Sie gerne.<\/p>\t\t\t\t\t\t\t\t<\/div>\n\t\t\t\t<\/div>\n\t\t\t\t<\/div>\n\t\t<div class=\"elementor-element elementor-element-996d104 e-con-full elementor-hidden-tablet elementor-hidden-mobile e-flex e-con e-child\" data-id=\"996d104\" data-element_type=\"container\" data-e-type=\"container\">\n\t\t\t\t<\/div>\n\t\t\t\t\t<\/div>\n\t\t\t\t<\/div>\n\t\t<div class=\"elementor-element elementor-element-87e2a82 abstand-oben-doppelpfeil abstand-unten e-flex e-con-boxed e-con e-parent\" data-id=\"87e2a82\" data-element_type=\"container\" data-e-type=\"container\">\n\t\t\t\t\t<div class=\"e-con-inner\">\n\t\t<div class=\"elementor-element elementor-element-5d5b54a e-con-full e-flex e-con e-child\" data-id=\"5d5b54a\" data-element_type=\"container\" data-e-type=\"container\">\n\t\t\t\t<div class=\"elementor-element elementor-element-f915d8a elementor-absolute doppelpfeil-rechts elementor-widget elementor-widget-image\" data-id=\"f915d8a\" data-element_type=\"widget\" data-e-type=\"widget\" data-settings=\"{&quot;_position&quot;:&quot;absolute&quot;}\" data-widget_type=\"image.default\">\n\t\t\t\t<div class=\"elementor-widget-container\">\n\t\t\t\t\t\t\t\t\t\t\t\t\t\t\t<img decoding=\"async\" src=\"https:\/\/weltmarktfuehrer-sw.de\/wp-content\/uploads\/doppelpfeil.png\" title=\"\" alt=\"\" loading=\"lazy\" \/>\t\t\t\t\t\t\t\t\t\t\t\t\t\t\t<\/div>\n\t\t\t\t<\/div>\n\t\t\t\t<div class=\"elementor-element elementor-element-ee65f10 elementor-widget elementor-widget-heading\" data-id=\"ee65f10\" data-element_type=\"widget\" data-e-type=\"widget\" data-widget_type=\"heading.default\">\n\t\t\t\t<div class=\"elementor-widget-container\">\n\t\t\t\t\t<h2 class=\"elementor-heading-title elementor-size-default\">Kontakt<\/h2>\t\t\t\t<\/div>\n\t\t\t\t<\/div>\n\t\t\t\t<div class=\"elementor-element elementor-element-d69ae96 elementor-widget elementor-widget-image\" data-id=\"d69ae96\" data-element_type=\"widget\" data-e-type=\"widget\" data-widget_type=\"image.default\">\n\t\t\t\t<div class=\"elementor-widget-container\">\n\t\t\t\t\t\t\t\t\t\t\t\t\t\t\t<img decoding=\"async\" width=\"377\" height=\"100\" src=\"https:\/\/weltmarktfuehrer-sw.de\/wp-content\/uploads\/Kontakt-Logo-Arnsberg.png\" class=\"attachment-large size-large wp-image-464\" alt=\"\" srcset=\"https:\/\/weltmarktfuehrer-sw.de\/wp-content\/uploads\/Kontakt-Logo-Arnsberg.png 377w, https:\/\/weltmarktfuehrer-sw.de\/wp-content\/uploads\/Kontakt-Logo-Arnsberg-300x80.png 300w\" sizes=\"(max-width: 377px) 100vw, 377px\" \/>\t\t\t\t\t\t\t\t\t\t\t\t\t\t\t<\/div>\n\t\t\t\t<\/div>\n\t\t\t\t<div class=\"elementor-element elementor-element-af69022 elementor-widget elementor-widget-text-editor\" data-id=\"af69022\" data-element_type=\"widget\" data-e-type=\"widget\" data-widget_type=\"text-editor.default\">\n\t\t\t\t<div class=\"elementor-widget-container\">\n\t\t\t\t\t\t\t\t\t<p><strong>Industrie- und Handelskammer Arnsberg, Hellweg-Sauerland<\/strong><br \/>K\u00f6nigstra\u00dfe 18-20<br \/>59821 Arnsberg<\/p>\t\t\t\t\t\t\t\t<\/div>\n\t\t\t\t<\/div>\n\t\t\t\t<div class=\"elementor-element elementor-element-ff98c39 elementor-widget elementor-widget-text-editor\" data-id=\"ff98c39\" data-element_type=\"widget\" data-e-type=\"widget\" data-widget_type=\"text-editor.default\">\n\t\t\t\t<div class=\"elementor-widget-container\">\n\t\t\t\t\t\t\t\t\t<p><strong>Telefon<\/strong> <a href=\"tel:\/\/+4929318780\">+49 (0) 2931 878-0<\/a><br \/><strong>E-Mail<\/strong> <a href=\"mailto:weltmarktfuehrer@arnsberg.ihk.de\">weltmarktfuehrer@arnsberg.ihk.de<\/a><\/p>\t\t\t\t\t\t\t\t<\/div>\n\t\t\t\t<\/div>\n\t\t\t\t<div class=\"elementor-element elementor-element-113a190 elementor-widget-divider--view-line elementor-widget elementor-widget-divider\" data-id=\"113a190\" data-element_type=\"widget\" data-e-type=\"widget\" data-widget_type=\"divider.default\">\n\t\t\t\t<div class=\"elementor-widget-container\">\n\t\t\t\t\t\t\t<div class=\"elementor-divider\">\n\t\t\t<span class=\"elementor-divider-separator\">\n\t\t\t\t\t\t<\/span>\n\t\t<\/div>\n\t\t\t\t\t\t<\/div>\n\t\t\t\t<\/div>\n\t\t\t\t<div class=\"elementor-element elementor-element-3044196 elementor-widget elementor-widget-image\" data-id=\"3044196\" data-element_type=\"widget\" data-e-type=\"widget\" data-widget_type=\"image.default\">\n\t\t\t\t<div class=\"elementor-widget-container\">\n\t\t\t\t\t\t\t\t\t\t\t\t\t\t\t<img decoding=\"async\" width=\"453\" height=\"100\" src=\"https:\/\/weltmarktfuehrer-sw.de\/wp-content\/uploads\/Kontakt-Logo-Hagen.png\" class=\"attachment-large size-large wp-image-465\" alt=\"\" srcset=\"https:\/\/weltmarktfuehrer-sw.de\/wp-content\/uploads\/Kontakt-Logo-Hagen.png 453w, https:\/\/weltmarktfuehrer-sw.de\/wp-content\/uploads\/Kontakt-Logo-Hagen-300x66.png 300w\" sizes=\"(max-width: 453px) 100vw, 453px\" \/>\t\t\t\t\t\t\t\t\t\t\t\t\t\t\t<\/div>\n\t\t\t\t<\/div>\n\t\t\t\t<div class=\"elementor-element elementor-element-14b3ad9 elementor-widget elementor-widget-text-editor\" data-id=\"14b3ad9\" data-element_type=\"widget\" data-e-type=\"widget\" data-widget_type=\"text-editor.default\">\n\t\t\t\t<div class=\"elementor-widget-container\">\n\t\t\t\t\t\t\t\t\t<p><strong>S\u00fcdwestf\u00e4lische Industrie- und Handelskammer zu Hagen<\/strong><br \/>Bahnhofstra\u00dfe 18<br \/>58095 Hagen<\/p>\t\t\t\t\t\t\t\t<\/div>\n\t\t\t\t<\/div>\n\t\t\t\t<div class=\"elementor-element elementor-element-287774a elementor-widget elementor-widget-text-editor\" data-id=\"287774a\" data-element_type=\"widget\" data-e-type=\"widget\" data-widget_type=\"text-editor.default\">\n\t\t\t\t<div class=\"elementor-widget-container\">\n\t\t\t\t\t\t\t\t\t<p><strong>Telefon<\/strong> <a href=\"tel:\/\/+4923313900\">+49 (0) 2331 390-0<\/a><br \/><strong>E-Mail<\/strong> <a href=\"mailto:weltmarktfuehrer@hagen.ihk.de\">weltmarktfuehrer@hagen.ihk.de<\/a><\/p>\t\t\t\t\t\t\t\t<\/div>\n\t\t\t\t<\/div>\n\t\t\t\t<div class=\"elementor-element elementor-element-f67019c elementor-widget-divider--view-line elementor-widget elementor-widget-divider\" data-id=\"f67019c\" data-element_type=\"widget\" data-e-type=\"widget\" data-widget_type=\"divider.default\">\n\t\t\t\t<div class=\"elementor-widget-container\">\n\t\t\t\t\t\t\t<div class=\"elementor-divider\">\n\t\t\t<span class=\"elementor-divider-separator\">\n\t\t\t\t\t\t<\/span>\n\t\t<\/div>\n\t\t\t\t\t\t<\/div>\n\t\t\t\t<\/div>\n\t\t\t\t<div class=\"elementor-element elementor-element-cf4f8ea elementor-widget elementor-widget-image\" data-id=\"cf4f8ea\" data-element_type=\"widget\" data-e-type=\"widget\" data-widget_type=\"image.default\">\n\t\t\t\t<div class=\"elementor-widget-container\">\n\t\t\t\t\t\t\t\t\t\t\t\t\t\t\t<img decoding=\"async\" width=\"340\" height=\"100\" src=\"https:\/\/weltmarktfuehrer-sw.de\/wp-content\/uploads\/Kontakt-Logo-Siegen.png\" class=\"attachment-large size-large wp-image-466\" alt=\"\" srcset=\"https:\/\/weltmarktfuehrer-sw.de\/wp-content\/uploads\/Kontakt-Logo-Siegen.png 340w, https:\/\/weltmarktfuehrer-sw.de\/wp-content\/uploads\/Kontakt-Logo-Siegen-300x88.png 300w\" sizes=\"(max-width: 340px) 100vw, 340px\" \/>\t\t\t\t\t\t\t\t\t\t\t\t\t\t\t<\/div>\n\t\t\t\t<\/div>\n\t\t\t\t<div class=\"elementor-element elementor-element-f89e5c6 elementor-widget elementor-widget-text-editor\" data-id=\"f89e5c6\" data-element_type=\"widget\" data-e-type=\"widget\" data-widget_type=\"text-editor.default\">\n\t\t\t\t<div class=\"elementor-widget-container\">\n\t\t\t\t\t\t\t\t\t<p><strong>Industrie- und Handelskammer Siegen<\/strong><br \/>Koblenzer Str. 121<br \/>57072 Siegen<\/p>\t\t\t\t\t\t\t\t<\/div>\n\t\t\t\t<\/div>\n\t\t\t\t<div class=\"elementor-element elementor-element-1b2bfb0 elementor-widget elementor-widget-text-editor\" data-id=\"1b2bfb0\" data-element_type=\"widget\" data-e-type=\"widget\" data-widget_type=\"text-editor.default\">\n\t\t\t\t<div class=\"elementor-widget-container\">\n\t\t\t\t\t\t\t\t\t<p><strong>Telefon<\/strong> <a href=\"tel:\/\/+4927133020\">+49 (0) 271 3302-0<\/a><br \/><strong>E-Mail<\/strong> <a href=\"mailto:weltmarktfuehrer@siegen.ihk.de\">weltmarktfuehrer@siegen.ihk.de<\/a><\/p>\t\t\t\t\t\t\t\t<\/div>\n\t\t\t\t<\/div>\n\t\t\t\t<\/div>\n\t\t<div class=\"elementor-element elementor-element-06d10d4 e-con-full abstand-oben abstand-unten e-flex e-con e-child\" data-id=\"06d10d4\" data-element_type=\"container\" data-e-type=\"container\" data-settings=\"{&quot;background_background&quot;:&quot;classic&quot;}\">\n\t\t\t\t<div class=\"elementor-element elementor-element-b1485db elementor-widget elementor-widget-text-editor\" data-id=\"b1485db\" data-element_type=\"widget\" data-e-type=\"widget\" data-widget_type=\"text-editor.default\">\n\t\t\t\t<div class=\"elementor-widget-container\">\n\t\t\t\t\t\t\t\t\t<p>KONTAKTIEREN SIE UNS GERNE:<\/p>\t\t\t\t\t\t\t\t<\/div>\n\t\t\t\t<\/div>\n\t\t\t\t<div class=\"elementor-element elementor-element-399954d elementor-button-align-stretch elementor-widget elementor-widget-form\" data-id=\"399954d\" data-element_type=\"widget\" data-e-type=\"widget\" data-settings=\"{&quot;step_next_label&quot;:&quot;N\\u00e4chster&quot;,&quot;step_previous_label&quot;:&quot;Voriger&quot;,&quot;button_width&quot;:&quot;100&quot;,&quot;step_type&quot;:&quot;number_text&quot;,&quot;step_icon_shape&quot;:&quot;circle&quot;}\" data-widget_type=\"form.default\">\n\t\t\t\t<div class=\"elementor-widget-container\">\n\t\t\t\t\t\t\t<form class=\"elementor-form\" method=\"post\" name=\"Neues Formular\" aria-label=\"Neues Formular\">\n\t\t\t<input type=\"hidden\" name=\"post_id\" value=\"219\"\/>\n\t\t\t<input type=\"hidden\" name=\"form_id\" value=\"399954d\"\/>\n\t\t\t<input type=\"hidden\" name=\"referer_title\" value=\"Kontakt\" \/>\n\n\t\t\t\t\t\t\t<input type=\"hidden\" name=\"queried_id\" value=\"219\"\/>\n\t\t\t\n\t\t\t<div class=\"elementor-form-fields-wrapper elementor-labels-above\">\n\t\t\t\t\t\t\t\t<div class=\"elementor-field-type-text elementor-field-group elementor-column elementor-field-group-name elementor-col-100 elementor-field-required\">\n\t\t\t\t\t\t\t\t\t\t\t\t<label for=\"form-field-name\" class=\"elementor-field-label\">\n\t\t\t\t\t\t\t\tName*\t\t\t\t\t\t\t<\/label>\n\t\t\t\t\t\t\t\t\t\t\t\t\t\t<input size=\"1\" type=\"text\" name=\"form_fields[name]\" id=\"form-field-name\" class=\"elementor-field elementor-size-sm  elementor-field-textual\" required=\"required\">\n\t\t\t\t\t\t\t\t\t\t\t<\/div>\n\t\t\t\t\t\t\t\t<div class=\"elementor-field-type-email elementor-field-group elementor-column elementor-field-group-email elementor-col-100 elementor-field-required\">\n\t\t\t\t\t\t\t\t\t\t\t\t<label for=\"form-field-email\" class=\"elementor-field-label\">\n\t\t\t\t\t\t\t\tE-Mail*\t\t\t\t\t\t\t<\/label>\n\t\t\t\t\t\t\t\t\t\t\t\t\t\t<input size=\"1\" type=\"email\" name=\"form_fields[email]\" id=\"form-field-email\" class=\"elementor-field elementor-size-sm  elementor-field-textual\" required=\"required\">\n\t\t\t\t\t\t\t\t\t\t\t<\/div>\n\t\t\t\t\t\t\t\t<div class=\"elementor-field-type-tel elementor-field-group elementor-column elementor-field-group-field_7a784c3 elementor-col-100\">\n\t\t\t\t\t\t\t\t\t\t\t\t<label for=\"form-field-field_7a784c3\" class=\"elementor-field-label\">\n\t\t\t\t\t\t\t\tTelefon\t\t\t\t\t\t\t<\/label>\n\t\t\t\t\t\t\t\t<input size=\"1\" type=\"tel\" name=\"form_fields[field_7a784c3]\" id=\"form-field-field_7a784c3\" class=\"elementor-field elementor-size-sm  elementor-field-textual\" pattern=\"[0-9()#&amp;+*-=.]+\" title=\"Nur Nummern oder Telefon-Zeichen (#, -, *, etc) werden akzeptiert.\">\n\n\t\t\t\t\t\t<\/div>\n\t\t\t\t\t\t\t\t<div class=\"elementor-field-type-textarea elementor-field-group elementor-column elementor-field-group-message elementor-col-100 elementor-field-required\">\n\t\t\t\t\t\t\t\t\t\t\t\t<label for=\"form-field-message\" class=\"elementor-field-label\">\n\t\t\t\t\t\t\t\tNachricht*\t\t\t\t\t\t\t<\/label>\n\t\t\t\t\t\t<textarea class=\"elementor-field-textual elementor-field  elementor-size-sm\" name=\"form_fields[message]\" id=\"form-field-message\" rows=\"10\" required=\"required\"><\/textarea>\t\t\t\t<\/div>\n\t\t\t\t\t\t\t\t<div class=\"elementor-field-type-acceptance elementor-field-group elementor-column elementor-field-group-field_dc9015b elementor-col-100 elementor-field-required\">\n\t\t\t\t\t\t\t<div class=\"elementor-field-subgroup\">\n\t\t\t<span class=\"elementor-field-option\">\n\t\t\t\t<input type=\"checkbox\" name=\"form_fields[field_dc9015b]\" id=\"form-field-field_dc9015b\" class=\"elementor-field elementor-size-sm  elementor-acceptance-field\" required=\"required\">\n\t\t\t\t<label for=\"form-field-field_dc9015b\">Datenschutz zustimmen<\/label>\t\t\t<\/span>\n\t\t<\/div>\n\t\t\t\t\t\t<\/div>\n\t\t\t\t\t\t\t\t<div class=\"elementor-field-type-acceptance elementor-field-group elementor-column elementor-field-group-field_8ae08d4 elementor-col-100 elementor-field-required\">\n\t\t\t\t\t\t\t<div class=\"elementor-field-subgroup\">\n\t\t\t<span class=\"elementor-field-option\">\n\t\t\t\t<input type=\"checkbox\" name=\"form_fields[field_8ae08d4]\" id=\"form-field-field_8ae08d4\" class=\"elementor-field elementor-size-sm  elementor-acceptance-field\" required=\"required\">\n\t\t\t\t<label for=\"form-field-field_8ae08d4\">Einwilligung zur Kontaktaufnahme<\/label>\t\t\t<\/span>\n\t\t<\/div>\n\t\t\t\t\t\t<\/div>\n\t\t\t\t\t\t\t\t<div class=\"elementor-field-group elementor-column elementor-field-type-submit elementor-col-100 e-form__buttons\">\n\t\t\t\t\t<button class=\"elementor-button elementor-size-sm\" type=\"submit\">\n\t\t\t\t\t\t<span class=\"elementor-button-content-wrapper\">\n\t\t\t\t\t\t\t\t\t\t\t\t\t\t\t\t\t\t\t\t\t\t<span class=\"elementor-button-text\">Absenden<\/span>\n\t\t\t\t\t\t\t\t\t\t\t\t\t<\/span>\n\t\t\t\t\t<\/button>\n\t\t\t\t<\/div>\n\t\t\t<\/div>\n\t\t<\/form>\n\t\t\t\t\t\t<\/div>\n\t\t\t\t<\/div>\n\t\t\t\t<\/div>\n\t\t\t\t\t<\/div>\n\t\t\t\t<\/div>\n\t\t<div class=\"elementor-element elementor-element-da4fe50 abstand-unten-doppelpfeil e-flex e-con-boxed e-con e-parent\" data-id=\"da4fe50\" data-element_type=\"container\" data-e-type=\"container\" data-settings=\"{&quot;background_background&quot;:&quot;classic&quot;}\">\n\t\t\t\t\t<div class=\"e-con-inner\">\n\t\t<div class=\"elementor-element elementor-element-82d44e7 e-con-full e-flex e-con e-child\" data-id=\"82d44e7\" data-element_type=\"container\" data-e-type=\"container\">\n\t\t\t\t<div class=\"elementor-element elementor-element-b584a20 elementor-widget-divider--view-line elementor-widget elementor-widget-divider\" data-id=\"b584a20\" data-element_type=\"widget\" data-e-type=\"widget\" data-widget_type=\"divider.default\">\n\t\t\t\t<div class=\"elementor-widget-container\">\n\t\t\t\t\t\t\t<div class=\"elementor-divider\">\n\t\t\t<span class=\"elementor-divider-separator\">\n\t\t\t\t\t\t<\/span>\n\t\t<\/div>\n\t\t\t\t\t\t<\/div>\n\t\t\t\t<\/div>\n\t\t\t\t<div class=\"elementor-element elementor-element-bed4510 elementor-widget elementor-widget-text-editor\" data-id=\"bed4510\" data-element_type=\"widget\" data-e-type=\"widget\" data-widget_type=\"text-editor.default\">\n\t\t\t\t<div class=\"elementor-widget-container\">\n\t\t\t\t\t\t\t\t\t<p>S\u00fcdwestf\u00e4lische Unternehmen besetzen Marktnischen, in denen sie oftmals weltweit f\u00fchrend sind. Die Wirtschaftsregion \u00fcberzeugt durch eine breit gef\u00e4cherte industrielle Branchenstruktur mit \u00fcberwiegend inhabergef\u00fchrten Unternehmen.<\/p>\t\t\t\t\t\t\t\t<\/div>\n\t\t\t\t<\/div>\n\t\t\t\t<div class=\"elementor-element elementor-element-7f40720 elementor-align-left elementor-widget elementor-widget-button\" data-id=\"7f40720\" data-element_type=\"widget\" data-e-type=\"widget\" data-widget_type=\"button.default\">\n\t\t\t\t<div class=\"elementor-widget-container\">\n\t\t\t\t\t\t\t\t\t<div class=\"elementor-button-wrapper\">\n\t\t\t\t\t<a class=\"elementor-button elementor-button-link elementor-size-md\" href=\"https:\/\/weltmarktfuehrer-sw.de\/wer-ist-ein-weltmarktfuehrer\/\">\n\t\t\t\t\t\t<span class=\"elementor-button-content-wrapper\">\n\t\t\t\t\t\t\t\t\t<span class=\"elementor-button-text\">mehr erfahren<\/span>\n\t\t\t\t\t<\/span>\n\t\t\t\t\t<\/a>\n\t\t\t\t<\/div>\n\t\t\t\t\t\t\t\t<\/div>\n\t\t\t\t<\/div>\n\t\t\t\t<\/div>\n\t\t<div class=\"elementor-element elementor-element-2ce45ca e-con-full e-flex e-con e-child\" data-id=\"2ce45ca\" data-element_type=\"container\" data-e-type=\"container\">\n\t\t\t\t<div class=\"elementor-element elementor-element-1d77c17 elementor-widget elementor-widget-image\" data-id=\"1d77c17\" data-element_type=\"widget\" data-e-type=\"widget\" data-no-translation=\"\" data-widget_type=\"image.default\">\n\t\t\t\t<div class=\"elementor-widget-container\">\n\t\t\t\t\t<style>.elementor-element-1d77c17{display:none !important}<\/style>\t\t\t\t<\/div>\n\t\t\t\t<\/div>\n\t\t\t\t<div class=\"elementor-element elementor-element-a66d8df elementor-widget elementor-widget-image\" data-id=\"a66d8df\" data-element_type=\"widget\" data-e-type=\"widget\" data-no-translation=\"\" data-widget_type=\"image.default\">\n\t\t\t\t<div class=\"elementor-widget-container\">\n\t\t\t\t\t\t\t\t\t\t\t\t\t\t\t<img loading=\"lazy\" decoding=\"async\" width=\"1385\" height=\"1080\" src=\"https:\/\/weltmarktfuehrer-sw.de\/wp-content\/uploads\/ihk-landkarte-kontakt-ENGLISCH-cropped.png\" class=\"attachment-full size-full wp-image-2082\" alt=\"\" srcset=\"https:\/\/weltmarktfuehrer-sw.de\/wp-content\/uploads\/ihk-landkarte-kontakt-ENGLISCH-cropped.png 1385w, https:\/\/weltmarktfuehrer-sw.de\/wp-content\/uploads\/ihk-landkarte-kontakt-ENGLISCH-cropped-300x234.png 300w, https:\/\/weltmarktfuehrer-sw.de\/wp-content\/uploads\/ihk-landkarte-kontakt-ENGLISCH-cropped-1024x798.png 1024w, https:\/\/weltmarktfuehrer-sw.de\/wp-content\/uploads\/ihk-landkarte-kontakt-ENGLISCH-cropped-768x599.png 768w, https:\/\/weltmarktfuehrer-sw.de\/wp-content\/uploads\/ihk-landkarte-kontakt-ENGLISCH-cropped-15x12.png 15w\" sizes=\"(max-width: 1385px) 100vw, 1385px\" \/>\t\t\t\t\t\t\t\t\t\t\t\t\t\t\t<\/div>\n\t\t\t\t<\/div>\n\t\t\t\t<\/div>\n\t\t\t\t\t<\/div>\n\t\t\t\t<\/div>\n\t\t\t\t<\/div>\n\t\t","protected":false},"excerpt":{"rendered":"<p>Haben Sie Fragen? Sie m\u00f6chten mehr \u00fcber die Weltmarktf\u00fchrer in S\u00fcdwestfalen? Sie denken, dass Ihr Unternehmen die Auszeichnung ebenfalls verdient hat? Unsere Mitarbeiter beraten Sie gerne. Kontakt Industrie- und Handelskammer Arnsberg, Hellweg-SauerlandK\u00f6nigstra\u00dfe 18-2059821 Arnsberg Telefon +49 (0) 2931 878-0E-Mail weltmarktfuehrer@arnsberg.ihk.de S\u00fcdwestf\u00e4lische Industrie- und Handelskammer zu HagenBahnhofstra\u00dfe 1858095 Hagen Telefon +49 (0) 2331 390-0E-Mail weltmarktfuehrer@hagen.ihk.de Industrie- [&hellip;]<\/p>\n","protected":false},"author":1,"featured_media":0,"parent":0,"menu_order":0,"comment_status":"closed","ping_status":"closed","template":"","meta":{"_acf_changed":false,"footnotes":""},"class_list":["post-219","page","type-page","status-publish","hentry"],"acf":[],"_links":{"self":[{"href":"https:\/\/weltmarktfuehrer-sw.de\/en\/wp-json\/wp\/v2\/pages\/219","targetHints":{"allow":["GET"]}}],"collection":[{"href":"https:\/\/weltmarktfuehrer-sw.de\/en\/wp-json\/wp\/v2\/pages"}],"about":[{"href":"https:\/\/weltmarktfuehrer-sw.de\/en\/wp-json\/wp\/v2\/types\/page"}],"author":[{"embeddable":true,"href":"https:\/\/weltmarktfuehrer-sw.de\/en\/wp-json\/wp\/v2\/users\/1"}],"replies":[{"embeddable":true,"href":"https:\/\/weltmarktfuehrer-sw.de\/en\/wp-json\/wp\/v2\/comments?post=219"}],"version-history":[{"count":104,"href":"https:\/\/weltmarktfuehrer-sw.de\/en\/wp-json\/wp\/v2\/pages\/219\/revisions"}],"predecessor-version":[{"id":2104,"href":"https:\/\/weltmarktfuehrer-sw.de\/en\/wp-json\/wp\/v2\/pages\/219\/revisions\/2104"}],"wp:attachment":[{"href":"https:\/\/weltmarktfuehrer-sw.de\/en\/wp-json\/wp\/v2\/media?parent=219"}],"curies":[{"name":"wp","href":"https:\/\/api.w.org\/{rel}","templated":true}]}}