{"id":1941,"date":"2024-03-11T10:36:49","date_gmt":"2024-03-11T09:36:49","guid":{"rendered":"https:\/\/software-stage.com\/ihk\/?page_id=1941"},"modified":"2024-03-11T10:46:20","modified_gmt":"2024-03-11T09:46:20","slug":"kriterien-fuer-bestleistungen","status":"publish","type":"page","link":"https:\/\/weltmarktfuehrer-sw.de\/en\/kriterien-fuer-bestleistungen\/","title":{"rendered":"Criteria for best performance"},"content":{"rendered":"<div data-elementor-type=\"wp-page\" data-elementor-id=\"1941\" class=\"elementor elementor-1941\" data-elementor-post-type=\"page\">\n\t\t\t\t<div class=\"elementor-element elementor-element-6d4a0d2 e-flex e-con-boxed e-con e-parent\" data-id=\"6d4a0d2\" data-element_type=\"container\" data-e-type=\"container\">\n\t\t\t\t\t<div class=\"e-con-inner\">\n\t\t<div class=\"elementor-element elementor-element-7b17996 e-flex e-con-boxed e-con e-child\" data-id=\"7b17996\" data-element_type=\"container\" data-e-type=\"container\">\n\t\t\t\t\t<div class=\"e-con-inner\">\n\t\t\t\t<div class=\"elementor-element elementor-element-fdbc1a4 elementor-widget elementor-widget-heading\" data-id=\"fdbc1a4\" data-element_type=\"widget\" data-e-type=\"widget\" data-widget_type=\"heading.default\">\n\t\t\t\t<div class=\"elementor-widget-container\">\n\t\t\t\t\t<h2 class=\"elementor-heading-title elementor-size-default\">Criteria for best performance<\/h2>\t\t\t\t<\/div>\n\t\t\t\t<\/div>\n\t\t\t\t<div class=\"elementor-element elementor-element-57e6cda elementor-widget elementor-widget-spacer\" data-id=\"57e6cda\" data-element_type=\"widget\" data-e-type=\"widget\" data-widget_type=\"spacer.default\">\n\t\t\t\t<div class=\"elementor-widget-container\">\n\t\t\t\t\t\t\t<div class=\"elementor-spacer\">\n\t\t\t<div class=\"elementor-spacer-inner\"><\/div>\n\t\t<\/div>\n\t\t\t\t\t\t<\/div>\n\t\t\t\t<\/div>\n\t\t\t\t<div class=\"elementor-element elementor-element-f1479ab elementor-widget elementor-widget-text-editor\" data-id=\"f1479ab\" data-element_type=\"widget\" data-e-type=\"widget\" data-widget_type=\"text-editor.default\">\n\t\t\t\t<div class=\"elementor-widget-container\">\n\t\t\t\t\t\t\t\t\t<p>FROM SOUTH WESTPHALIA FOR THE WHOLE WORLD<\/p>\t\t\t\t\t\t\t\t<\/div>\n\t\t\t\t<\/div>\n\t\t\t\t<div class=\"elementor-element elementor-element-ff9f3cb elementor-widget-divider--view-line elementor-widget elementor-widget-divider\" data-id=\"ff9f3cb\" data-element_type=\"widget\" data-e-type=\"widget\" data-widget_type=\"divider.default\">\n\t\t\t\t<div class=\"elementor-widget-container\">\n\t\t\t\t\t\t\t<div class=\"elementor-divider\">\n\t\t\t<span class=\"elementor-divider-separator\">\n\t\t\t\t\t\t<\/span>\n\t\t<\/div>\n\t\t\t\t\t\t<\/div>\n\t\t\t\t<\/div>\n\t\t\t\t\t<\/div>\n\t\t\t\t<\/div>\n\t\t\t\t\t<\/div>\n\t\t\t\t<\/div>\n\t\t<div class=\"elementor-element elementor-element-4d3938e abstand-unten-doppelpfeil e-flex e-con-boxed e-con e-parent\" data-id=\"4d3938e\" data-element_type=\"container\" data-e-type=\"container\">\n\t\t\t\t\t<div class=\"e-con-inner\">\n\t\t<div class=\"elementor-element elementor-element-41f5d59 e-con-full e-flex e-con e-child\" data-id=\"41f5d59\" data-element_type=\"container\" data-e-type=\"container\">\n\t\t\t\t<div class=\"elementor-element elementor-element-a789235 elementor-widget elementor-widget-text-editor\" data-id=\"a789235\" data-element_type=\"widget\" data-e-type=\"widget\" data-widget_type=\"text-editor.default\">\n\t\t\t\t<div class=\"elementor-widget-container\">\n\t\t\t\t\t\t\t\t\t<p>South Westphalia's position as one of the top industrial regions in Germany is due to the large number of medium-sized companies.<\/p>\t\t\t\t\t\t\t\t<\/div>\n\t\t\t\t<\/div>\n\t\t\t\t<div class=\"elementor-element elementor-element-3060c7a elementor-widget elementor-widget-text-editor\" data-id=\"3060c7a\" data-element_type=\"widget\" data-e-type=\"widget\" data-widget_type=\"text-editor.default\">\n\t\t\t\t<div class=\"elementor-widget-container\">\n\t\t\t\t\t\t\t\t\t<p>Your entrepreneurial success usually results from successfully occupying niche markets. But when is a niche market also a global market? How important must a supplier be in a global or EU market in order to rightly call itself the market leader?<\/p><p>In order to leave no room for doubt here and to stand up to a nationwide comparison, the CCIs are guided by the lexicon of German world market leaders.<\/p>\t\t\t\t\t\t\t\t<\/div>\n\t\t\t\t<\/div>\n\t\t\t\t<\/div>\n\t\t<div class=\"elementor-element elementor-element-362cfd4 e-con-full e-flex e-con e-child\" data-id=\"362cfd4\" data-element_type=\"container\" data-e-type=\"container\">\n\t\t\t\t<div class=\"elementor-element elementor-element-afa5c75 elementor-widget elementor-widget-text-editor\" data-id=\"afa5c75\" data-element_type=\"widget\" data-e-type=\"widget\" data-widget_type=\"text-editor.default\">\n\t\t\t\t<div class=\"elementor-widget-container\">\n\t\t\t\t\t\t\t\t\t<p>The standard work, first published in 2010 by Dr. Florian Langenscheidt and Prof. Dr. Bernd Venohr, contains more than 800 German companies, the latest version from January 2015 even contains almost 1,000 companies, including many from South Westphalia. Market leaders are defined as all companies that are among the top 3 in their market in terms of quantity or quality. To be classified as a global or EU market leader from South Westphalia, the following criteria must be met.<\/p><p>Concrete evidence or comprehensible references as objective proof of a claimed global market leadership were therefore particularly important to the chambers of industry and commerce when determining the market leaders. In most cases, the chambers determined this evidence in consultation with the companies in numerous individual discussions and documented it internally.<\/p>\t\t\t\t\t\t\t\t<\/div>\n\t\t\t\t<\/div>\n\t\t\t\t<\/div>\n\t\t\t\t\t<\/div>\n\t\t\t\t<\/div>\n\t\t<div class=\"elementor-element elementor-element-2bd7bd3 abstand-oben-doppelpfeil e-flex e-con-boxed e-con e-parent\" data-id=\"2bd7bd3\" data-element_type=\"container\" data-e-type=\"container\" data-settings=\"{&quot;background_background&quot;:&quot;classic&quot;}\">\n\t\t\t\t\t<div class=\"e-con-inner\">\n\t\t<div class=\"elementor-element elementor-element-46b744e e-con-full e-flex e-con e-child\" data-id=\"46b744e\" data-element_type=\"container\" data-e-type=\"container\">\n\t\t\t\t<div class=\"elementor-element elementor-element-20e0ba9 elementor-absolute doppelpfeil-rechts elementor-widget elementor-widget-image\" data-id=\"20e0ba9\" data-element_type=\"widget\" data-e-type=\"widget\" data-settings=\"{&quot;_position&quot;:&quot;absolute&quot;}\" data-widget_type=\"image.default\">\n\t\t\t\t<div class=\"elementor-widget-container\">\n\t\t\t\t\t\t\t\t\t\t\t\t\t\t\t<img decoding=\"async\" src=\"https:\/\/weltmarktfuehrer-sw.de\/wp-content\/uploads\/doppelpfeil.png\" title=\"\" alt=\"\" loading=\"lazy\" \/>\t\t\t\t\t\t\t\t\t\t\t\t\t\t\t<\/div>\n\t\t\t\t<\/div>\n\t\t\t\t<div class=\"elementor-element elementor-element-4962465 elementor-widget__width-initial elementor-widget elementor-widget-heading\" data-id=\"4962465\" data-element_type=\"widget\" data-e-type=\"widget\" data-widget_type=\"heading.default\">\n\t\t\t\t<div class=\"elementor-widget-container\">\n\t\t\t\t\t<h3 class=\"elementor-heading-title elementor-size-default\">A<\/h3>\t\t\t\t<\/div>\n\t\t\t\t<\/div>\n\t\t\t\t<div class=\"elementor-element elementor-element-beb5fba elementor-widget elementor-widget-heading\" data-id=\"beb5fba\" data-element_type=\"widget\" data-e-type=\"widget\" data-widget_type=\"heading.default\">\n\t\t\t\t<div class=\"elementor-widget-container\">\n\t\t\t\t\t<h3 class=\"elementor-heading-title elementor-size-default\">Classification as a South Westphalian company<\/h3>\t\t\t\t<\/div>\n\t\t\t\t<\/div>\n\t\t\t\t<\/div>\n\t\t<div class=\"elementor-element elementor-element-850bcce e-con-full e-flex e-con e-child\" data-id=\"850bcce\" data-element_type=\"container\" data-e-type=\"container\">\n\t\t\t\t<div class=\"elementor-element elementor-element-abfb072 elementor-widget elementor-widget-text-editor\" data-id=\"abfb072\" data-element_type=\"widget\" data-e-type=\"widget\" data-widget_type=\"text-editor.default\">\n\t\t\t\t<div class=\"elementor-widget-container\">\n\t\t\t\t\t\t\t\t\t<p>The company must be based in South Westphalia, i.e. in the districts of the Arnsberg, Hagen or Siegen Chambers of Industry and Commerce. The company must be independent and the operational management must be based in South Westphalia.<\/p>\t\t\t\t\t\t\t\t<\/div>\n\t\t\t\t<\/div>\n\t\t\t\t<div class=\"elementor-element elementor-element-410dfed elementor-widget-divider--view-line elementor-widget elementor-widget-divider\" data-id=\"410dfed\" data-element_type=\"widget\" data-e-type=\"widget\" data-widget_type=\"divider.default\">\n\t\t\t\t<div class=\"elementor-widget-container\">\n\t\t\t\t\t\t\t<div class=\"elementor-divider\">\n\t\t\t<span class=\"elementor-divider-separator\">\n\t\t\t\t\t\t<\/span>\n\t\t<\/div>\n\t\t\t\t\t\t<\/div>\n\t\t\t\t<\/div>\n\t\t\t\t<\/div>\n\t\t\t\t\t<\/div>\n\t\t\t\t<\/div>\n\t\t<div class=\"elementor-element elementor-element-b1f0ddb e-flex e-con-boxed e-con e-parent\" data-id=\"b1f0ddb\" data-element_type=\"container\" data-e-type=\"container\" data-settings=\"{&quot;background_background&quot;:&quot;classic&quot;}\">\n\t\t\t\t\t<div class=\"e-con-inner\">\n\t\t\t\t<div class=\"elementor-element elementor-element-787197c elementor-widget-divider--view-line elementor-widget elementor-widget-divider\" data-id=\"787197c\" data-element_type=\"widget\" data-e-type=\"widget\" data-widget_type=\"divider.default\">\n\t\t\t\t<div class=\"elementor-widget-container\">\n\t\t\t\t\t\t\t<div class=\"elementor-divider\">\n\t\t\t<span class=\"elementor-divider-separator\">\n\t\t\t\t\t\t<\/span>\n\t\t<\/div>\n\t\t\t\t\t\t<\/div>\n\t\t\t\t<\/div>\n\t\t\t\t\t<\/div>\n\t\t\t\t<\/div>\n\t\t<div class=\"elementor-element elementor-element-a952703 e-flex e-con-boxed e-con e-parent\" data-id=\"a952703\" data-element_type=\"container\" data-e-type=\"container\" data-settings=\"{&quot;background_background&quot;:&quot;classic&quot;}\">\n\t\t\t\t\t<div class=\"e-con-inner\">\n\t\t<div class=\"elementor-element elementor-element-c1f3cd4 e-con-full e-flex e-con e-child\" data-id=\"c1f3cd4\" data-element_type=\"container\" data-e-type=\"container\">\n\t\t\t\t<div class=\"elementor-element elementor-element-40ff065 elementor-widget__width-initial elementor-widget elementor-widget-heading\" data-id=\"40ff065\" data-element_type=\"widget\" data-e-type=\"widget\" data-widget_type=\"heading.default\">\n\t\t\t\t<div class=\"elementor-widget-container\">\n\t\t\t\t\t<h3 class=\"elementor-heading-title elementor-size-default\">B<\/h3>\t\t\t\t<\/div>\n\t\t\t\t<\/div>\n\t\t\t\t<div class=\"elementor-element elementor-element-8f7c2e1 elementor-widget elementor-widget-heading\" data-id=\"8f7c2e1\" data-element_type=\"widget\" data-e-type=\"widget\" data-widget_type=\"heading.default\">\n\t\t\t\t<div class=\"elementor-widget-container\">\n\t\t\t\t\t<h3 class=\"elementor-heading-title elementor-size-default\">Classification as an internationally relevant product or service<\/h3>\t\t\t\t<\/div>\n\t\t\t\t<\/div>\n\t\t\t\t<\/div>\n\t\t<div class=\"elementor-element elementor-element-533d0b3 e-con-full e-flex e-con e-child\" data-id=\"533d0b3\" data-element_type=\"container\" data-e-type=\"container\">\n\t\t\t\t<div class=\"elementor-element elementor-element-5d138f0 elementor-widget elementor-widget-text-editor\" data-id=\"5d138f0\" data-element_type=\"widget\" data-e-type=\"widget\" data-widget_type=\"text-editor.default\">\n\t\t\t\t<div class=\"elementor-widget-container\">\n\t\t\t\t\t\t\t\t\t<p>Only those products or services that are sold at least throughout Europe are relevant. An exception is made for new technologies that have not yet experienced international distribution due to their topicality, but where such a market is foreseeable. However, a product or service may be irrelevant if the description of the market is too narrow or nonsensical. There is no global market for \"Sauerland beer\", for example.<\/p>\t\t\t\t\t\t\t\t<\/div>\n\t\t\t\t<\/div>\n\t\t\t\t<div class=\"elementor-element elementor-element-5a607ca elementor-widget-divider--view-line elementor-widget elementor-widget-divider\" data-id=\"5a607ca\" data-element_type=\"widget\" data-e-type=\"widget\" data-widget_type=\"divider.default\">\n\t\t\t\t<div class=\"elementor-widget-container\">\n\t\t\t\t\t\t\t<div class=\"elementor-divider\">\n\t\t\t<span class=\"elementor-divider-separator\">\n\t\t\t\t\t\t<\/span>\n\t\t<\/div>\n\t\t\t\t\t\t<\/div>\n\t\t\t\t<\/div>\n\t\t\t\t<\/div>\n\t\t\t\t\t<\/div>\n\t\t\t\t<\/div>\n\t\t<div class=\"elementor-element elementor-element-7826630 e-flex e-con-boxed e-con e-parent\" data-id=\"7826630\" data-element_type=\"container\" data-e-type=\"container\" data-settings=\"{&quot;background_background&quot;:&quot;classic&quot;}\">\n\t\t\t\t\t<div class=\"e-con-inner\">\n\t\t\t\t<div class=\"elementor-element elementor-element-53a94f1 elementor-widget-divider--view-line elementor-widget elementor-widget-divider\" data-id=\"53a94f1\" data-element_type=\"widget\" data-e-type=\"widget\" data-widget_type=\"divider.default\">\n\t\t\t\t<div class=\"elementor-widget-container\">\n\t\t\t\t\t\t\t<div class=\"elementor-divider\">\n\t\t\t<span class=\"elementor-divider-separator\">\n\t\t\t\t\t\t<\/span>\n\t\t<\/div>\n\t\t\t\t\t\t<\/div>\n\t\t\t\t<\/div>\n\t\t\t\t\t<\/div>\n\t\t\t\t<\/div>\n\t\t<div class=\"elementor-element elementor-element-c03ce91 abstand-unten-doppelpfeil e-flex e-con-boxed e-con e-parent\" data-id=\"c03ce91\" data-element_type=\"container\" data-e-type=\"container\" data-settings=\"{&quot;background_background&quot;:&quot;classic&quot;}\">\n\t\t\t\t\t<div class=\"e-con-inner\">\n\t\t<div class=\"elementor-element elementor-element-79a2a1e e-con-full e-flex e-con e-child\" data-id=\"79a2a1e\" data-element_type=\"container\" data-e-type=\"container\">\n\t\t\t\t<div class=\"elementor-element elementor-element-1c7ab94 elementor-widget__width-initial elementor-widget elementor-widget-heading\" data-id=\"1c7ab94\" data-element_type=\"widget\" data-e-type=\"widget\" data-widget_type=\"heading.default\">\n\t\t\t\t<div class=\"elementor-widget-container\">\n\t\t\t\t\t<h3 class=\"elementor-heading-title elementor-size-default\">C<\/h3>\t\t\t\t<\/div>\n\t\t\t\t<\/div>\n\t\t\t\t<div class=\"elementor-element elementor-element-bcf905b elementor-widget elementor-widget-heading\" data-id=\"bcf905b\" data-element_type=\"widget\" data-e-type=\"widget\" data-widget_type=\"heading.default\">\n\t\t\t\t<div class=\"elementor-widget-container\">\n\t\t\t\t\t<h3 class=\"elementor-heading-title elementor-size-default\">Market leadership possible according to quantitative and qualitative criteria<\/h3>\t\t\t\t<\/div>\n\t\t\t\t<\/div>\n\t\t\t\t<\/div>\n\t\t<div class=\"elementor-element elementor-element-1408eb6 e-con-full e-flex e-con e-child\" data-id=\"1408eb6\" data-element_type=\"container\" data-e-type=\"container\">\n\t\t\t\t<div class=\"elementor-element elementor-element-9b73e66 elementor-widget elementor-widget-text-editor\" data-id=\"9b73e66\" data-element_type=\"widget\" data-e-type=\"widget\" data-widget_type=\"text-editor.default\">\n\t\t\t\t<div class=\"elementor-widget-container\">\n\t\t\t\t\t\t\t\t\t<p>In addition to quantity, market leadership can also be found in a qualitative role. There may well be companies that dominate a market in terms of technology or quality and therefore have a decisive influence without generating the highest sales. Here, too, one can speak of market leadership (or quality or technology leadership), although this is more difficult to prove due to softer criteria.<\/p>\t\t\t\t\t\t\t\t<\/div>\n\t\t\t\t<\/div>\n\t\t\t\t<div class=\"elementor-element elementor-element-9133483 elementor-widget-divider--view-line elementor-widget elementor-widget-divider\" data-id=\"9133483\" data-element_type=\"widget\" data-e-type=\"widget\" data-widget_type=\"divider.default\">\n\t\t\t\t<div class=\"elementor-widget-container\">\n\t\t\t\t\t\t\t<div class=\"elementor-divider\">\n\t\t\t<span class=\"elementor-divider-separator\">\n\t\t\t\t\t\t<\/span>\n\t\t<\/div>\n\t\t\t\t\t\t<\/div>\n\t\t\t\t<\/div>\n\t\t\t\t<\/div>\n\t\t\t\t\t<\/div>\n\t\t\t\t<\/div>\n\t\t\t\t<\/div>","protected":false},"excerpt":{"rendered":"<p>Kriterien f\u00fcr Bestleistungen AUS S\u00dcDWESTFALEN F\u00dcR DIE GANZE WELT S\u00fcdwestfalens Stellung als eine der Top- Industrieregionen Deutschlands ist der gro\u00dfen Zahl mittelst\u00e4ndischer Unternehmen zu verdanken. Ihr unternehmerischer Erfolg resultiert meist aus dem erfolgreichen Besetzen von Nischenm\u00e4rkten. Wann aber ist ein Nischenmarkt auch ein Weltmarkt? Wie gro\u00df muss die Bedeutung eines Anbieters in einem Welt- oder [&hellip;]<\/p>\n","protected":false},"author":1,"featured_media":0,"parent":0,"menu_order":0,"comment_status":"closed","ping_status":"closed","template":"","meta":{"_acf_changed":false,"footnotes":""},"class_list":["post-1941","page","type-page","status-publish","hentry"],"acf":[],"_links":{"self":[{"href":"https:\/\/weltmarktfuehrer-sw.de\/en\/wp-json\/wp\/v2\/pages\/1941","targetHints":{"allow":["GET"]}}],"collection":[{"href":"https:\/\/weltmarktfuehrer-sw.de\/en\/wp-json\/wp\/v2\/pages"}],"about":[{"href":"https:\/\/weltmarktfuehrer-sw.de\/en\/wp-json\/wp\/v2\/types\/page"}],"author":[{"embeddable":true,"href":"https:\/\/weltmarktfuehrer-sw.de\/en\/wp-json\/wp\/v2\/users\/1"}],"replies":[{"embeddable":true,"href":"https:\/\/weltmarktfuehrer-sw.de\/en\/wp-json\/wp\/v2\/comments?post=1941"}],"version-history":[{"count":4,"href":"https:\/\/weltmarktfuehrer-sw.de\/en\/wp-json\/wp\/v2\/pages\/1941\/revisions"}],"predecessor-version":[{"id":1946,"href":"https:\/\/weltmarktfuehrer-sw.de\/en\/wp-json\/wp\/v2\/pages\/1941\/revisions\/1946"}],"wp:attachment":[{"href":"https:\/\/weltmarktfuehrer-sw.de\/en\/wp-json\/wp\/v2\/media?parent=1941"}],"curies":[{"name":"wp","href":"https:\/\/api.w.org\/{rel}","templated":true}]}}